{"id":5548,"date":"2025-05-02T15:33:48","date_gmt":"2025-05-02T11:33:48","guid":{"rendered":"https:\/\/tertiaryeducation.govmu.org\/te\/?page_id=5548"},"modified":"2026-01-14T21:32:49","modified_gmt":"2026-01-14T17:32:49","slug":"communique","status":"publish","type":"page","link":"https:\/\/tertiaryeducation.govmu.org\/te\/index.php\/communique\/","title":{"rendered":"Communique"},"content":{"rendered":"\t\t<div data-elementor-type=\"wp-page\" data-elementor-id=\"5548\" class=\"elementor elementor-5548\" data-elementor-post-type=\"page\">\n\t\t\t\t<div class=\"elementor-element elementor-element-31613b3 header-mte e-flex e-con-boxed e-con e-parent\" data-id=\"31613b3\" data-element_type=\"container\">\n\t\t\t\t\t<div class=\"e-con-inner\">\n\t\t\t\t<div class=\"elementor-element elementor-element-2207812 elementor-widget elementor-widget-image\" data-id=\"2207812\" data-element_type=\"widget\" data-widget_type=\"image.default\">\n\t\t\t\t<div class=\"elementor-widget-container\">\n\t\t\t\t\t\t\t\t\t\t\t\t\t\t\t<img fetchpriority=\"high\" decoding=\"async\" width=\"2048\" height=\"118\" src=\"https:\/\/tertiaryeducation.govmu.org\/te\/wp-content\/uploads\/2025\/05\/Communique-2048x118.jpg\" class=\"attachment-2048x2048 size-2048x2048 wp-image-5771\" alt=\"\" srcset=\"https:\/\/tertiaryeducation.govmu.org\/te\/wp-content\/uploads\/2025\/05\/Communique-2048x118.jpg 2048w, https:\/\/tertiaryeducation.govmu.org\/te\/wp-content\/uploads\/2025\/05\/Communique-300x17.jpg 300w, https:\/\/tertiaryeducation.govmu.org\/te\/wp-content\/uploads\/2025\/05\/Communique-1024x59.jpg 1024w, https:\/\/tertiaryeducation.govmu.org\/te\/wp-content\/uploads\/2025\/05\/Communique-768x44.jpg 768w, https:\/\/tertiaryeducation.govmu.org\/te\/wp-content\/uploads\/2025\/05\/Communique-1536x88.jpg 1536w\" sizes=\"(max-width: 2048px) 100vw, 2048px\" \/>\t\t\t\t\t\t\t\t\t\t\t\t\t\t\t<\/div>\n\t\t\t\t<\/div>\n\t\t\t\t\t<\/div>\n\t\t\t\t<\/div>\n\t\t<div class=\"elementor-element elementor-element-396d4f2 e-flex e-con-boxed e-con e-parent\" data-id=\"396d4f2\" data-element_type=\"container\">\n\t\t\t\t\t<div class=\"e-con-inner\">\n\t\t\t\t<div class=\"elementor-element elementor-element-4d76634 elementor-widget elementor-widget-govity-download-resource\" data-id=\"4d76634\" data-element_type=\"widget\" data-widget_type=\"govity-download-resource.default\">\n\t\t\t\t<div class=\"elementor-widget-container\">\n\t\t\t\t\t    <div class=\"department-details__download\">\r\n                <ul class=\"department-details__download-list list-unstyled ml-0\">\r\n                            <li>\r\n                    <div class=\"department-details__download-content\">\r\n                        <div class=\"department-details__download-icon\">\r\n                            <span aria-hidden=\"true\" class=\"  icon-pdf-file\"><\/span>                        <\/div>\r\n                        <div class=\"department-details__download-text\">\r\n                            <p class=\"\">14 January 2026 - Partenariat Hubert Curien Le R\u00e9duit - \nLaur\u00e9ats du cinqui\u00e8me appel \u00e0 projets (2026)<\/p>                        <\/div>\r\n                    <\/div>\r\n                    <div class=\"department-details__download-btn-box\">\r\n                                                <a class=\"department-details__download-btn thm-btn\" href=\"https:\/\/tertiaryeducation.govmu.org\/te\/wp-content\/uploads\/2026\/01\/Communique-de-presse-PHC-2026.pdf\" target=_blank>View<\/a>                    <\/div>\r\n                <\/li>\r\n                            <li>\r\n                    <div class=\"department-details__download-content\">\r\n                        <div class=\"department-details__download-icon\">\r\n                            <span aria-hidden=\"true\" class=\"  icon-pdf-file\"><\/span>                        <\/div>\r\n                        <div class=\"department-details__download-text\">\r\n                            <p class=\" \">30 September 2025 - Communiqu\u00e9 - Call for participation in the 75th Lindau Nobel Laureate Meeting (Interdisciplinary)<\/p>                        <\/div>\r\n                    <\/div>\r\n                    <div class=\"department-details__download-btn-box\">\r\n                                                <a class=\"department-details__download-btn thm-btn department-details__download-btn thm-btn\" href=\"https:\/\/tertiaryeducation.govmu.org\/te\/wp-content\/uploads\/2025\/09\/Communique-75thLindauNobelLaureateMeetingInterdisciplinary.pdf\" target=_blank>View<\/a>                    <\/div>\r\n                <\/li>\r\n                            <li>\r\n                    <div class=\"department-details__download-content\">\r\n                        <div class=\"department-details__download-icon\">\r\n                            <span aria-hidden=\"true\" class=\"  icon-pdf-file\"><\/span>                        <\/div>\r\n                        <div class=\"department-details__download-text\">\r\n                            <p class=\"  \">30 September 2025 - Selection Criteria - 75th Lindau Nobel Laureate Meeting (Interdisciplinary)<\/p>                        <\/div>\r\n                    <\/div>\r\n                    <div class=\"department-details__download-btn-box\">\r\n                                                <a class=\"department-details__download-btn thm-btn department-details__download-btn thm-btn department-details__download-btn thm-btn\" href=\"https:\/\/tertiaryeducation.govmu.org\/te\/wp-content\/uploads\/2025\/09\/Selection-Criteria-Interdisciplinary-2026-1.pdf\" target=_blank>View<\/a>                    <\/div>\r\n                <\/li>\r\n                            <li>\r\n                    <div class=\"department-details__download-content\">\r\n                        <div class=\"department-details__download-icon\">\r\n                            <span aria-hidden=\"true\" class=\"  icon-pdf-file\"><\/span>                        <\/div>\r\n                        <div class=\"department-details__download-text\">\r\n                            <p class=\"   \">30 September 2025 - Additional requirements - 75th Lindau Nobel Laureate Meeting (Interdisciplinary)<\/p>                        <\/div>\r\n                    <\/div>\r\n                    <div class=\"department-details__download-btn-box\">\r\n                                                <a class=\"department-details__download-btn thm-btn department-details__download-btn thm-btn department-details__download-btn thm-btn department-details__download-btn thm-btn\" href=\"https:\/\/tertiaryeducation.govmu.org\/te\/wp-content\/uploads\/2025\/09\/additional-req-The-75th-Lindau-Nobel-Laureates-Meeting.pdf\" target=_blank>View<\/a>                    <\/div>\r\n                <\/li>\r\n                            <li>\r\n                    <div class=\"department-details__download-content\">\r\n                        <div class=\"department-details__download-icon\">\r\n                            <span aria-hidden=\"true\" class=\"  icon-pdf-file\"><\/span>                        <\/div>\r\n                        <div class=\"department-details__download-text\">\r\n                            <p class=\"    \">04 August 2025 - Partenariat Hubert Curien Le R\u00e9duit - \nLaur\u00e9ats du cinqui\u00e8me appel \u00e0 projets (2025)<\/p>                        <\/div>\r\n                    <\/div>\r\n                    <div class=\"department-details__download-btn-box\">\r\n                                                <a class=\"department-details__download-btn thm-btn department-details__download-btn thm-btn department-details__download-btn thm-btn department-details__download-btn thm-btn department-details__download-btn thm-btn\" href=\"https:\/\/tertiaryeducation.govmu.org\/te\/wp-content\/uploads\/2025\/08\/CommuniqueDePresse-5eme-comite-mixte.pdf\" target=_blank>View<\/a>                    <\/div>\r\n                <\/li>\r\n                            <li>\r\n                    <div class=\"department-details__download-content\">\r\n                        <div class=\"department-details__download-icon\">\r\n                            <span aria-hidden=\"true\" class=\"  icon-pdf-file\"><\/span>                        <\/div>\r\n                        <div class=\"department-details__download-text\">\r\n                            <p class=\"     \">02 July 2025 - S\u00e9jour Scientifique de Haut Niveau (SSHN) 2025<\/p>                        <\/div>\r\n                    <\/div>\r\n                    <div class=\"department-details__download-btn-box\">\r\n                                                <a class=\"department-details__download-btn thm-btn department-details__download-btn thm-btn department-details__download-btn thm-btn department-details__download-btn thm-btn department-details__download-btn thm-btn department-details__download-btn thm-btn\" href=\"https:\/\/tertiaryeducation.govmu.org\/te\/wp-content\/uploads\/2025\/07\/Communique-de-presse-SSHN-2025.pdf\" target=_blank>View<\/a>                    <\/div>\r\n                <\/li>\r\n                            <li>\r\n                    <div class=\"department-details__download-content\">\r\n                        <div class=\"department-details__download-icon\">\r\n                            <span aria-hidden=\"true\" class=\"  icon-pdf-file\"><\/span>                        <\/div>\r\n                        <div class=\"department-details__download-text\">\r\n                            <p class=\"      \">02 May 2025 - Normal Classes on Monday 05 May 2025<\/p>                        <\/div>\r\n                    <\/div>\r\n                    <div class=\"department-details__download-btn-box\">\r\n                                                <a class=\"department-details__download-btn thm-btn department-details__download-btn thm-btn department-details__download-btn thm-btn department-details__download-btn thm-btn department-details__download-btn thm-btn department-details__download-btn thm-btn department-details__download-btn thm-btn\" href=\"https:\/\/drive.google.com\/file\/d\/1iEmOQCnrU1e2TBgFyF9MJbcQjz2hGaDm\/view?usp=share_link\" target=_blank>View<\/a>                    <\/div>\r\n                <\/li>\r\n                            <li>\r\n                    <div class=\"department-details__download-content\">\r\n                        <div class=\"department-details__download-icon\">\r\n                            <span aria-hidden=\"true\" class=\"  icon-pdf-file\"><\/span>                        <\/div>\r\n                        <div class=\"department-details__download-text\">\r\n                            <p class=\"       \">30 April 2025 - No classes due to torrential rain alert.<\/p>                        <\/div>\r\n                    <\/div>\r\n                    <div class=\"department-details__download-btn-box\">\r\n                                                <a class=\"department-details__download-btn thm-btn department-details__download-btn thm-btn department-details__download-btn thm-btn department-details__download-btn thm-btn department-details__download-btn thm-btn department-details__download-btn thm-btn department-details__download-btn thm-btn department-details__download-btn thm-btn\" href=\"https:\/\/drive.google.com\/file\/d\/18LO9dVh9W3BaodKAm3p8Y7Ofd4ITHha2\/view?usp=share_link\" target=_blank>View<\/a>                    <\/div>\r\n                <\/li>\r\n                    <\/ul>\r\n    <\/div>\r\n\t\t\t\t<\/div>\n\t\t\t\t<\/div>\n\t\t\t\t\t<\/div>\n\t\t\t\t<\/div>\n\t\t<div class=\"elementor-element elementor-element-861b615 e-flex e-con-boxed e-con e-parent\" data-id=\"861b615\" data-element_type=\"container\">\n\t\t\t\t\t<div class=\"e-con-inner\">\n\t\t\t\t<div class=\"elementor-element elementor-element-c61a55c elementor-widget elementor-widget-spacer\" data-id=\"c61a55c\" data-element_type=\"widget\" data-widget_type=\"spacer.default\">\n\t\t\t\t<div class=\"elementor-widget-container\">\n\t\t\t\t\t\t\t<div class=\"elementor-spacer\">\n\t\t\t<div class=\"elementor-spacer-inner\"><\/div>\n\t\t<\/div>\n\t\t\t\t\t\t<\/div>\n\t\t\t\t<\/div>\n\t\t\t\t\t<\/div>\n\t\t\t\t<\/div>\n\t\t\t\t<\/div>\n\t\t","protected":false},"excerpt":{"rendered":"<p>14 January 2026 &#8211; Partenariat Hubert Curien Le R\u00e9duit &#8211; Laur\u00e9ats du cinqui\u00e8me appel \u00e0 projets (2026) View 30 September 2025 &#8211; Communiqu\u00e9 &#8211; Call for participation in the 75th Lindau Nobel Laureate Meeting (Interdisciplinary) View 30 September 2025 &#8211; Selection Criteria &#8211; 75th Lindau Nobel Laureate Meeting (Interdisciplinary) View 30 September 2025 &#8211; Additional [&hellip;]<\/p>\n","protected":false},"author":2,"featured_media":0,"parent":0,"menu_order":0,"comment_status":"closed","ping_status":"closed","template":"elementor_header_footer","meta":{"footnotes":""},"class_list":["post-5548","page","type-page","status-publish","hentry"],"_links":{"self":[{"href":"https:\/\/tertiaryeducation.govmu.org\/te\/index.php\/wp-json\/wp\/v2\/pages\/5548","targetHints":{"allow":["GET"]}}],"collection":[{"href":"https:\/\/tertiaryeducation.govmu.org\/te\/index.php\/wp-json\/wp\/v2\/pages"}],"about":[{"href":"https:\/\/tertiaryeducation.govmu.org\/te\/index.php\/wp-json\/wp\/v2\/types\/page"}],"author":[{"embeddable":true,"href":"https:\/\/tertiaryeducation.govmu.org\/te\/index.php\/wp-json\/wp\/v2\/users\/2"}],"replies":[{"embeddable":true,"href":"https:\/\/tertiaryeducation.govmu.org\/te\/index.php\/wp-json\/wp\/v2\/comments?post=5548"}],"version-history":[{"count":91,"href":"https:\/\/tertiaryeducation.govmu.org\/te\/index.php\/wp-json\/wp\/v2\/pages\/5548\/revisions"}],"predecessor-version":[{"id":6977,"href":"https:\/\/tertiaryeducation.govmu.org\/te\/index.php\/wp-json\/wp\/v2\/pages\/5548\/revisions\/6977"}],"wp:attachment":[{"href":"https:\/\/tertiaryeducation.govmu.org\/te\/index.php\/wp-json\/wp\/v2\/media?parent=5548"}],"curies":[{"name":"wp","href":"https:\/\/api.w.org\/{rel}","templated":true}]}}